{"id":26463,"date":"2026-04-29T17:10:09","date_gmt":"2026-04-30T00:10:09","guid":{"rendered":"https:\/\/www.themysticalexperience.com\/Members\/?page_id=26463"},"modified":"2026-04-29T17:16:27","modified_gmt":"2026-04-30T00:16:27","slug":"your-new-life-mystical-prosperity-event-from-april-26th-2026-video","status":"publish","type":"page","link":"https:\/\/www.themysticalexperience.com\/Members\/your-new-life-mystical-prosperity-event-from-april-26th-2026-video\/","title":{"rendered":"\u200bYour New Life Mystical Prosperity Event From April 26th, 2026 &#8211; Video"},"content":{"rendered":"\t\t<div data-elementor-type=\"wp-page\" data-elementor-id=\"26463\" class=\"elementor elementor-26463\" data-elementor-post-type=\"page\">\n\t\t\t\t<div class=\"elementor-element elementor-element-83316d7 e-con-full e-flex e-con e-parent\" data-id=\"83316d7\" data-element_type=\"container\">\n\t\t\t\t<div class=\"elementor-element elementor-element-92a02bf elementor-widget elementor-widget-heading\" data-id=\"92a02bf\" data-element_type=\"widget\" data-widget_type=\"heading.default\">\n\t\t\t\t<div class=\"elementor-widget-container\">\n\t\t\t\t\t<h2 class=\"elementor-heading-title elementor-size-default\">Your New Life<br>Prosperity Event\n<br>From April 26th, 2026<\/h2>\t\t\t\t<\/div>\n\t\t\t\t<\/div>\n\t\t\t\t<div class=\"elementor-element elementor-element-c7f8b11 elementor-widget elementor-widget-video\" data-id=\"c7f8b11\" data-element_type=\"widget\" data-settings=\"{&quot;video_type&quot;:&quot;vimeo&quot;}\" data-widget_type=\"video.default\">\n\t\t\t\t<div class=\"elementor-widget-container\">\n\t\t\t\t\t\t\t<div class=\"elementor-wrapper elementor-open-inline\">\n\t\t\t<iframe class=\"elementor-video-iframe\" allowfullscreen allow=\"clipboard-write\" title=\"vimeo Video Player\" src=\"https:\/\/player.vimeo.com\/video\/1187891406?color&amp;autopause=0&amp;loop=0&amp;muted=0&amp;title=0&amp;portrait=0&amp;byline=0&amp;h=699740d9b6#t=\"><\/iframe>\t\t<\/div>\n\t\t\t\t\t\t<\/div>\n\t\t\t\t<\/div>\n\t\t\t\t<div class=\"elementor-element elementor-element-68f0eaf elementor-hidden-desktop elementor-hidden-tablet elementor-hidden-mobile elementor-widget elementor-widget-n-accordion\" data-id=\"68f0eaf\" data-element_type=\"widget\" data-settings=\"{&quot;default_state&quot;:&quot;all_collapsed&quot;,&quot;max_items_expended&quot;:&quot;one&quot;,&quot;n_accordion_animation_duration&quot;:{&quot;unit&quot;:&quot;ms&quot;,&quot;size&quot;:400,&quot;sizes&quot;:[]}}\" data-widget_type=\"nested-accordion.default\">\n\t\t\t\t<div class=\"elementor-widget-container\">\n\t\t\t\t\t\t\t<div class=\"e-n-accordion\" aria-label=\"Accordion. Open links with Enter or Space, close with Escape, and navigate with Arrow Keys\">\n\t\t\t\t\t\t<details id=\"e-n-accordion-item-1100\" class=\"e-n-accordion-item\" >\n\t\t\t\t<summary class=\"e-n-accordion-item-title\" data-accordion-index=\"1\" tabindex=\"0\" aria-expanded=\"false\" aria-controls=\"e-n-accordion-item-1100\" >\n\t\t\t\t\t<span class='e-n-accordion-item-title-header'><div class=\"e-n-accordion-item-title-text\"> P\u00ebr p\u00ebrkthimin n\u00eb shqip, klikoni k\u00ebtu <\/div><\/span>\n\t\t\t\t\t\t\t\t\t<\/summary>\n\t\t\t\t<div role=\"region\" aria-labelledby=\"e-n-accordion-item-1100\" class=\"elementor-element elementor-element-4b37d21 e-con-full e-flex e-con e-child\" data-id=\"4b37d21\" data-element_type=\"container\">\n\t\t\t\t<div class=\"elementor-element elementor-element-dc29a1f elementor-widget elementor-widget-video\" data-id=\"dc29a1f\" data-element_type=\"widget\" data-settings=\"{&quot;video_type&quot;:&quot;vimeo&quot;}\" data-widget_type=\"video.default\">\n\t\t\t\t<div class=\"elementor-widget-container\">\n\t\t\t\t\t\t\t<div class=\"elementor-wrapper elementor-open-inline\">\n\t\t\t<iframe class=\"elementor-video-iframe\" allowfullscreen allow=\"clipboard-write\" title=\"vimeo Video Player\" src=\"https:\/\/player.vimeo.com\/video\/1177111418?color&amp;autopause=0&amp;loop=0&amp;muted=0&amp;title=0&amp;portrait=0&amp;byline=0&amp;h=cc8c1e7d27#t=\"><\/iframe>\t\t<\/div>\n\t\t\t\t\t\t<\/div>\n\t\t\t\t<\/div>\n\t\t\t\t<\/div>\n\t\t\t\t\t<\/details>\n\t\t\t\t\t<\/div>\n\t\t\t\t\t\t<\/div>\n\t\t\t\t<\/div>\n\t\t\t\t<\/div>\n\t\t\t\t<\/div>\n\t\t","protected":false},"excerpt":{"rendered":"<p>Your New LifeProsperity Event From April 26th, 2026 P\u00ebr p\u00ebrkthimin n\u00eb shqip, klikoni k\u00ebtu<\/p>\n","protected":false},"author":490,"featured_media":0,"parent":0,"menu_order":0,"comment_status":"closed","ping_status":"closed","template":"","meta":{"footnotes":""},"class_list":["post-26463","page","type-page","status-publish","hentry","entry","no-media"],"_links":{"self":[{"href":"https:\/\/www.themysticalexperience.com\/Members\/wp-json\/wp\/v2\/pages\/26463","targetHints":{"allow":["GET"]}}],"collection":[{"href":"https:\/\/www.themysticalexperience.com\/Members\/wp-json\/wp\/v2\/pages"}],"about":[{"href":"https:\/\/www.themysticalexperience.com\/Members\/wp-json\/wp\/v2\/types\/page"}],"author":[{"embeddable":true,"href":"https:\/\/www.themysticalexperience.com\/Members\/wp-json\/wp\/v2\/users\/490"}],"replies":[{"embeddable":true,"href":"https:\/\/www.themysticalexperience.com\/Members\/wp-json\/wp\/v2\/comments?post=26463"}],"version-history":[{"count":7,"href":"https:\/\/www.themysticalexperience.com\/Members\/wp-json\/wp\/v2\/pages\/26463\/revisions"}],"predecessor-version":[{"id":26471,"href":"https:\/\/www.themysticalexperience.com\/Members\/wp-json\/wp\/v2\/pages\/26463\/revisions\/26471"}],"wp:attachment":[{"href":"https:\/\/www.themysticalexperience.com\/Members\/wp-json\/wp\/v2\/media?parent=26463"}],"curies":[{"name":"wp","href":"https:\/\/api.w.org\/{rel}","templated":true}]}}